{"id":19,"date":"2026-05-04T08:37:50","date_gmt":"2026-05-04T06:37:50","guid":{"rendered":"https:\/\/readysetgrow.at\/?page_id=19"},"modified":"2026-05-04T08:50:47","modified_gmt":"2026-05-04T06:50:47","slug":"ready-set-grow","status":"publish","type":"page","link":"https:\/\/readysetgrow.at\/","title":{"rendered":"Ready.Set.GROW!"},"content":{"rendered":"\t\t<div data-elementor-type=\"wp-page\" data-elementor-id=\"19\" class=\"elementor elementor-19\" data-elementor-post-type=\"page\">\n\t\t\t\t<div class=\"elementor-element elementor-element-80b2f9c e-flex e-con-boxed e-con e-parent\" data-id=\"80b2f9c\" data-element_type=\"container\" data-e-type=\"container\">\n\t\t\t\t\t<div class=\"e-con-inner\">\n\t\t\t\t<div class=\"elementor-element elementor-element-9f4177a elementor-widget elementor-widget-image\" data-id=\"9f4177a\" data-element_type=\"widget\" data-e-type=\"widget\" data-widget_type=\"image.default\">\n\t\t\t\t\t\t\t\t\t\t\t\t\t\t\t<img fetchpriority=\"high\" decoding=\"async\" width=\"1024\" height=\"606\" src=\"https:\/\/readysetgrow.at\/wp-content\/uploads\/2026\/05\/readysetgrow-logo-e1777876921964-1024x606.png\" class=\"attachment-large size-large wp-image-23\" alt=\"\" srcset=\"https:\/\/readysetgrow.at\/wp-content\/uploads\/2026\/05\/readysetgrow-logo-e1777876921964-1024x606.png 1024w, https:\/\/readysetgrow.at\/wp-content\/uploads\/2026\/05\/readysetgrow-logo-e1777876921964-300x177.png 300w, https:\/\/readysetgrow.at\/wp-content\/uploads\/2026\/05\/readysetgrow-logo-e1777876921964-768x454.png 768w, https:\/\/readysetgrow.at\/wp-content\/uploads\/2026\/05\/readysetgrow-logo-e1777876921964-1536x909.png 1536w, https:\/\/readysetgrow.at\/wp-content\/uploads\/2026\/05\/readysetgrow-logo-e1777876921964-600x355.png 600w, https:\/\/readysetgrow.at\/wp-content\/uploads\/2026\/05\/readysetgrow-logo-e1777876921964.png 2000w\" sizes=\"(max-width: 1024px) 100vw, 1024px\" \/>\t\t\t\t\t\t\t\t\t\t\t\t\t\t\t<\/div>\n\t\t\t\t<div class=\"elementor-element elementor-element-c6724ab elementor-widget elementor-widget-heading\" data-id=\"c6724ab\" data-element_type=\"widget\" data-e-type=\"widget\" data-widget_type=\"heading.default\">\n\t\t\t\t\t<h2 class=\"elementor-heading-title elementor-size-default\">Positionierung und Sichtbarkeit f\u00fcr Selbstst\u00e4ndige<\/h2>\t\t\t\t<\/div>\n\t\t\t\t<div class=\"elementor-element elementor-element-fc950a1 elementor-widget elementor-widget-text-editor\" data-id=\"fc950a1\" data-element_type=\"widget\" data-e-type=\"widget\" data-widget_type=\"text-editor.default\">\n\t\t\t\t\t\t\t\t\t<p>Alle Infos zu DEM Sommerevent des Jahres findest du in K\u00fcrze hier auf dieser Website!<\/p>\t\t\t\t\t\t\t\t<\/div>\n\t\t\t\t\t<\/div>\n\t\t\t\t<\/div>\n\t\t\t\t<\/div>\n\t\t","protected":false},"excerpt":{"rendered":"<p>Positionierung und Sichtbarkeit f\u00fcr Selbstst\u00e4ndige Alle Infos zu DEM Sommerevent des Jahres findest du in K\u00fcrze hier auf dieser Website!<\/p>\n","protected":false},"author":2,"featured_media":0,"parent":0,"menu_order":0,"comment_status":"closed","ping_status":"closed","template":"elementor_canvas","meta":{"footnotes":""},"class_list":["post-19","page","type-page","status-publish","hentry"],"_links":{"self":[{"href":"https:\/\/readysetgrow.at\/index.php?rest_route=\/wp\/v2\/pages\/19","targetHints":{"allow":["GET"]}}],"collection":[{"href":"https:\/\/readysetgrow.at\/index.php?rest_route=\/wp\/v2\/pages"}],"about":[{"href":"https:\/\/readysetgrow.at\/index.php?rest_route=\/wp\/v2\/types\/page"}],"author":[{"embeddable":true,"href":"https:\/\/readysetgrow.at\/index.php?rest_route=\/wp\/v2\/users\/2"}],"replies":[{"embeddable":true,"href":"https:\/\/readysetgrow.at\/index.php?rest_route=%2Fwp%2Fv2%2Fcomments&post=19"}],"version-history":[{"count":7,"href":"https:\/\/readysetgrow.at\/index.php?rest_route=\/wp\/v2\/pages\/19\/revisions"}],"predecessor-version":[{"id":34,"href":"https:\/\/readysetgrow.at\/index.php?rest_route=\/wp\/v2\/pages\/19\/revisions\/34"}],"wp:attachment":[{"href":"https:\/\/readysetgrow.at\/index.php?rest_route=%2Fwp%2Fv2%2Fmedia&parent=19"}],"curies":[{"name":"wp","href":"https:\/\/api.w.org\/{rel}","templated":true}]}}